{"id":2009,"date":"2017-03-08T13:45:41","date_gmt":"2017-03-08T13:45:41","guid":{"rendered":"http:\/\/test.kriesi.at\/enfold-minimal-photography\/?page_id=2009"},"modified":"2025-07-02T22:44:18","modified_gmt":"2025-07-02T22:44:18","slug":"about-2","status":"publish","type":"page","link":"https:\/\/www.jamajczyk.pl\/?page_id=2009","title":{"rendered":"Fotografia"},"content":{"rendered":"<div id='av-layout-grid-1'  class='av-layout-grid-container av-acijbt-f335390bcb855e4c289683af937259c9 entry-content-wrapper main_color av-flex-cells  avia-builder-el-0  avia-builder-el-no-sibling  av-cell-min-height av-cell-min-height-100  container_wrap fullsize'   data-av_minimum_height_pc='100'>\n\n<style type=\"text\/css\" data-created_by=\"avia_inline_auto\" id=\"style-css-av-y4e89-2493abd2840d91ba438e0011e7e2d8d7\">\n.flex_cell.av-y4e89-2493abd2840d91ba438e0011e7e2d8d7{\nvertical-align:middle;\nbackground:url(https:\/\/www.jamajczyk.pl\/blog\/wp-content\/uploads\/2017\/03\/photographer_dark.jpg) 100% 50% no-repeat scroll ;\n}\n.responsive #top #wrap_all .flex_cell.av-y4e89-2493abd2840d91ba438e0011e7e2d8d7{\npadding:300px 20px 300px 20px !important;\n}\n<\/style>\n<div class='flex_cell av-y4e89-2493abd2840d91ba438e0011e7e2d8d7 av-gridrow-cell av_one_half no_margin  avia-builder-el-1  el_before_av_cell_one_half  avia-builder-el-first  content-align-middle avia-full-stretch'  ><div class='flex_cell_inner'><\/div><\/div>\n<style type=\"text\/css\" data-created_by=\"avia_inline_auto\" id=\"style-css-av-6x5b2h-a87cfaef195ef77b3028eb61832b26e1\">\n.flex_cell.av-6x5b2h-a87cfaef195ef77b3028eb61832b26e1{\nvertical-align:middle;\nbackground-color:#000000;\n}\n.responsive #top #wrap_all .flex_cell.av-6x5b2h-a87cfaef195ef77b3028eb61832b26e1{\npadding:80px 80px 80px 80px !important;\n}\n<\/style>\n<div class='flex_cell av-6x5b2h-a87cfaef195ef77b3028eb61832b26e1 av-gridrow-cell av_one_half no_margin  avia-builder-el-2  el_after_av_cell_one_half  avia-builder-el-last  content-align-middle'  ><div class='flex_cell_inner'><p><section  class='av_textblock_section av-5w62op-fe6a5422a8da5173dda6520ad6b77a36 '   itemscope=\"itemscope\" itemtype=\"https:\/\/schema.org\/CreativeWork\" ><div class='avia_textblock'  itemprop=\"text\" ><p>Fotografia to wspomnienia, sztuka obserwacji, umiej\u0119tno\u015b\u0107 uchwycenia wyj\u0105tkowych rzeczy, chwil, moment\u00f3w w zwyk\u0142ym miejscu, \u017cyciu\u2026<\/p>\n<p>Wspomnienia&#8230; to najwa\u017cniejsze co nam pozostaje, zapami\u0119tujemy te najbardziej wzruszaj\u0105ce p\u0142yn\u0105ce z g\u0142\u0119bi serca, zapisane do ko\u0144ca \u017cycia&#8230; na zawsze&#8230;<\/p>\n<\/div><\/section><br \/>\n<section  class='av_textblock_section av-3popq1-c0676b5f688c0def163c61fad54ded60 '   itemscope=\"itemscope\" itemtype=\"https:\/\/schema.org\/CreativeWork\" ><div class='avia_textblock'  itemprop=\"text\" ><\/div><\/section><br \/>\n\n<style type=\"text\/css\" data-created_by=\"avia_inline_auto\" id=\"style-css-av-9uzbt-74a48f98c61ca0d513acdf2f392741ee\">\n.avia-image-container.av-9uzbt-74a48f98c61ca0d513acdf2f392741ee img.avia_image{\nbox-shadow:none;\n}\n.avia-image-container.av-9uzbt-74a48f98c61ca0d513acdf2f392741ee .av-image-caption-overlay-center{\ncolor:#ffffff;\n}\n<\/style>\n<div  class='avia-image-container av-9uzbt-74a48f98c61ca0d513acdf2f392741ee av-styling-no-styling avia-align-left  avia-builder-el-5  el_after_av_textblock  avia-builder-el-last '   itemprop=\"image\" itemscope=\"itemscope\" itemtype=\"https:\/\/schema.org\/ImageObject\" ><div class=\"avia-image-container-inner\"><div class=\"avia-image-overlay-wrap\"><img decoding=\"async\" fetchpriority=\"high\" class='wp-image-2303 avia-img-lazy-loading-not-2303 avia_image ' src=\"https:\/\/www.jamajczyk.pl\/blog\/wp-content\/uploads\/2022\/08\/jamaj-czyk.png\" alt='' title='jamaj-czyk'  height=\"74\" width=\"200\"  itemprop=\"thumbnailUrl\"  \/><\/div><\/div><\/div><\/p>\n<\/div><\/div><\/div>\n","protected":false},"excerpt":{"rendered":"","protected":false},"author":1,"featured_media":0,"parent":0,"menu_order":0,"comment_status":"closed","ping_status":"closed","template":"","meta":{"footnotes":""},"class_list":["post-2009","page","type-page","status-publish","hentry"],"_links":{"self":[{"href":"https:\/\/www.jamajczyk.pl\/index.php?rest_route=\/wp\/v2\/pages\/2009","targetHints":{"allow":["GET"]}}],"collection":[{"href":"https:\/\/www.jamajczyk.pl\/index.php?rest_route=\/wp\/v2\/pages"}],"about":[{"href":"https:\/\/www.jamajczyk.pl\/index.php?rest_route=\/wp\/v2\/types\/page"}],"author":[{"embeddable":true,"href":"https:\/\/www.jamajczyk.pl\/index.php?rest_route=\/wp\/v2\/users\/1"}],"replies":[{"embeddable":true,"href":"https:\/\/www.jamajczyk.pl\/index.php?rest_route=%2Fwp%2Fv2%2Fcomments&post=2009"}],"version-history":[{"count":7,"href":"https:\/\/www.jamajczyk.pl\/index.php?rest_route=\/wp\/v2\/pages\/2009\/revisions"}],"predecessor-version":[{"id":3135,"href":"https:\/\/www.jamajczyk.pl\/index.php?rest_route=\/wp\/v2\/pages\/2009\/revisions\/3135"}],"wp:attachment":[{"href":"https:\/\/www.jamajczyk.pl\/index.php?rest_route=%2Fwp%2Fv2%2Fmedia&parent=2009"}],"curies":[{"name":"wp","href":"https:\/\/api.w.org\/{rel}","templated":true}]}}